{"id":4552,"date":"2024-10-18T22:49:24","date_gmt":"2024-10-19T02:49:24","guid":{"rendered":"https:\/\/lentug.com\/?post_type=product&#038;p=4552"},"modified":"2025-03-03T00:51:35","modified_gmt":"2025-03-03T05:51:35","slug":"ds-2cd2087g2h-liu-sl","status":"publish","type":"product","link":"https:\/\/lentug.com\/?product=ds-2cd2087g2h-liu-sl","title":{"rendered":"DS-2CD2087G2H-LIU\/SL"},"content":{"rendered":"<ul class=\"tech-specs-items-description\" data-target=\"Camera \">\n<li class=\"tech-specs-items-description-list\"><span class=\"tech-specs-items-description__title--heading\">Camera<\/span><\/li>\n<li class=\"tech-specs-items-description-list\"><span class=\"tech-specs-items-description__title\">Image Sensor<\/span><span class=\"tech-specs-items-description__title-details\">1\/1.8&#8243; Progressive Scan CMOS<\/span><\/li>\n<li class=\"tech-specs-items-description-list\"><span class=\"tech-specs-items-description__title\">Max. Resolution<\/span><span class=\"tech-specs-items-description__title-details\">3840 \u00d7 2160<\/span><\/li>\n<li class=\"tech-specs-items-description-list\"><span class=\"tech-specs-items-description__title\">Min. Illumination<\/span><span class=\"tech-specs-items-description__title-details\">Color: 0.0008 Lux @ (F1.0, AGC ON),0 Lux with light<\/span><\/li>\n<li class=\"tech-specs-items-description-list\"><span class=\"tech-specs-items-description__title\">Shutter Time<\/span><span class=\"tech-specs-items-description__title-details\">1\/3 s to 1\/100,000 s<\/span><\/li>\n<li class=\"tech-specs-items-description-list\"><span class=\"tech-specs-items-description__title\">Day &amp; Night<\/span><span class=\"tech-specs-items-description__title-details\">IR cut filter<\/span><\/li>\n<li class=\"tech-specs-items-description-list\"><span class=\"tech-specs-items-description__title\">Angle Adjustment<\/span><span class=\"tech-specs-items-description__title-details\">Pan: 0\u00b0 to 360\u00b0,tilt: 0\u00b0 to 90\u00b0,rotate: 0\u00b0 to 360\u00b0<\/span><\/li>\n<\/ul>\n<ul class=\"tech-specs-items-description\" data-target=\"Lens\">\n<li class=\"tech-specs-items-description-list\"><span class=\"tech-specs-items-description__title--heading\">Lens<\/span><\/li>\n<li class=\"tech-specs-items-description-list\"><span class=\"tech-specs-items-description__title\">Focal Length &amp; FOV<\/span>\n<p class=\"mb-p\">2.8 mm, horizontal FOV 104\u00b0, vertical FOV 55\u00b0, diagonal FOV 127\u00b0<\/p>\n<p class=\"mb-p\">4 mm, horizontal FOV 93\u00b0, vertical FOV 46\u00b0, diagonal FOV 112\u00b0<\/p>\n<p class=\"mb-p\">6 mm, horizontal FOV 57\u00b0, vertical FOV 30\u00b0, diagonal FOV 67\u00b0<\/p>\n<\/li>\n<li class=\"tech-specs-items-description-list\"><span class=\"tech-specs-items-description__title\">Lens Mount<\/span><span class=\"tech-specs-items-description__title-details\">M16<\/span><\/li>\n<li class=\"tech-specs-items-description-list\"><span class=\"tech-specs-items-description__title\">Iris Type<\/span><span class=\"tech-specs-items-description__title-details\">Fixed<\/span><\/li>\n<li class=\"tech-specs-items-description-list\"><span class=\"tech-specs-items-description__title\">Aperture<\/span><span class=\"tech-specs-items-description__title-details\">F1.0<\/span><\/li>\n<li class=\"tech-specs-items-description-list\"><span class=\"tech-specs-items-description__title\">Depth of Field<\/span>\n<p class=\"mb-p\">2.8 mm: 3.4 m to \u221e<\/p>\n<p class=\"mb-p\">4 mm: 3.8 m to \u221e<\/p>\n<p class=\"mb-p\">6 mm: 8.3 m to \u221e<\/p>\n<\/li>\n<li class=\"tech-specs-items-description-list\"><span class=\"tech-specs-items-description__title\">Lens Type<\/span><span class=\"tech-specs-items-description__title-details\">Fixed focal lens, 2.8, 4, and 6 mm optional<\/span><\/li>\n<\/ul>\n<ul class=\"tech-specs-items-description\" data-target=\"DORI\">\n<li class=\"tech-specs-items-description-list\"><span class=\"tech-specs-items-description__title--heading\">DORI<\/span><\/li>\n<li class=\"tech-specs-items-description-list\"><span class=\"tech-specs-items-description__title\">DORI<\/span>\n<p class=\"mb-p\">2.8 mm: D: 91 m, O: 36 m, R: 18 m, I: 9 m<\/p>\n<p class=\"mb-p\">4 mm: D: 111 m, O: 44 m, R: 22 m, I: 11 m<\/p>\n<p class=\"mb-p\">6 mm: D: 169 m, O: 67 m, R: 33 m, I: 16 m<\/p>\n<\/li>\n<\/ul>\n<ul class=\"tech-specs-items-description\" data-target=\"Illuminator\">\n<li class=\"tech-specs-items-description-list\"><span class=\"tech-specs-items-description__title--heading\">Illuminator<\/span><\/li>\n<li class=\"tech-specs-items-description-list\"><span class=\"tech-specs-items-description__title\">Smart Supplement Light<\/span><span class=\"tech-specs-items-description__title-details\">Yes<\/span><\/li>\n<li class=\"tech-specs-items-description-list\"><span class=\"tech-specs-items-description__title\">IR Wavelength<\/span><span class=\"tech-specs-items-description__title-details\">850 nm<\/span><\/li>\n<li class=\"tech-specs-items-description-list\"><span class=\"tech-specs-items-description__title\">Supplement Light Type<\/span><span class=\"tech-specs-items-description__title-details\">IR,White Light<\/span><\/li>\n<li class=\"tech-specs-items-description-list\"><span class=\"tech-specs-items-description__title\">Supplement Light Range<\/span><span class=\"tech-specs-items-description__title-details\">Up to 40 m<\/span><\/li>\n<\/ul>\n<ul class=\"tech-specs-items-description\" data-target=\"Video\">\n<li class=\"tech-specs-items-description-list\"><span class=\"tech-specs-items-description__title--heading\">Video<\/span><\/li>\n<li class=\"tech-specs-items-description-list\"><span class=\"tech-specs-items-description__title\">Main Stream<\/span>\n<p class=\"mb-p\">50 Hz:<\/p>\n<p class=\"mb-p\">25 fps (3840 \u00d7 2160, 3200 \u00d7 1800, 2688 \u00d7 1520, 1920 \u00d7 1080, 1280 \u00d7 720)<\/p>\n<p class=\"mb-p\">60 Hz:<\/p>\n<p class=\"mb-p\">24 fps (3840 \u00d7 2160)<\/p>\n<p class=\"mb-p\">30 fps (3200 \u00d7 1800, 2688 \u00d7 1520, 1920 \u00d7 1080, 1280 \u00d7 720)<\/p>\n<\/li>\n<li class=\"tech-specs-items-description-list\"><span class=\"tech-specs-items-description__title\">Sub-Stream<\/span>\n<p class=\"mb-p\">50 Hz: 25 fps (1280 \u00d7 720, 640 \u00d7 480, 640 \u00d7 360)<\/p>\n<p class=\"mb-p\">60 Hz: 30 fps (1280 \u00d7 720, 640 \u00d7 480, 640 \u00d7 360)<\/p>\n<\/li>\n<li class=\"tech-specs-items-description-list\"><span class=\"tech-specs-items-description__title\">Third Stream<\/span>\n<p class=\"mb-p\">50 Hz: 10 fps (1920 \u00d7 1080, 1280 \u00d7 720, 640 \u00d7 480, 640 \u00d7 360)<\/p>\n<p class=\"mb-p\">60 Hz: 10 fps (1920 \u00d7 1080, 1280 \u00d7 720, 640 \u00d7 480, 640 \u00d7 360)<\/p>\n<p class=\"mb-p\">*Third stream is supported under certain settings.<\/p>\n<\/li>\n<li class=\"tech-specs-items-description-list\"><span class=\"tech-specs-items-description__title\">Video Compression<\/span>\n<p class=\"mb-p\">Main stream: H.265+\/H.265\/H.264+\/H.264,<\/p>\n<p class=\"mb-p\">Sub-stream: H.265\/H.264\/MJPEG,<\/p>\n<p class=\"mb-p\">Third stream: H.265\/H.264,<\/p>\n<p class=\"mb-p\">*Third stream is supported under certain settings.<\/p>\n<\/li>\n<li class=\"tech-specs-items-description-list\"><span class=\"tech-specs-items-description__title\">Video Bit Rate<\/span><span class=\"tech-specs-items-description__title-details\">32 Kbps to 16 Mbps<\/span><\/li>\n<li class=\"tech-specs-items-description-list\"><span class=\"tech-specs-items-description__title\">H.264 Type<\/span><span class=\"tech-specs-items-description__title-details\">Baseline Profile,Main Profile,High Profile<\/span><\/li>\n<li class=\"tech-specs-items-description-list\"><span class=\"tech-specs-items-description__title\">H.265 Type<\/span><span class=\"tech-specs-items-description__title-details\">Main Profile<\/span><\/li>\n<li class=\"tech-specs-items-description-list\"><span class=\"tech-specs-items-description__title\">Bit Rate Control<\/span><span class=\"tech-specs-items-description__title-details\">CBR,VBR<\/span><\/li>\n<li class=\"tech-specs-items-description-list\"><span class=\"tech-specs-items-description__title\">Scalable Video Coding (SVC)<\/span><span class=\"tech-specs-items-description__title-details\">H.264 and H.265 encoding<\/span><\/li>\n<li class=\"tech-specs-items-description-list\"><span class=\"tech-specs-items-description__title\">Region of Interest (ROI)<\/span><span class=\"tech-specs-items-description__title-details\">1 fixed region for main stream and sub-stream<\/span><\/li>\n<\/ul>\n<ul class=\"tech-specs-items-description\" data-target=\"Audio\">\n<li class=\"tech-specs-items-description-list\"><span class=\"tech-specs-items-description__title--heading\">Audio<\/span><\/li>\n<li class=\"tech-specs-items-description-list\"><span class=\"tech-specs-items-description__title\">Audio Type<\/span><span class=\"tech-specs-items-description__title-details\">Mono sound<\/span><\/li>\n<li class=\"tech-specs-items-description-list\"><span class=\"tech-specs-items-description__title\">Audio Compression<\/span><span class=\"tech-specs-items-description__title-details\">G.711\/G.722.1\/G.726\/MP2L2\/PCM\/MP3\/AAC-LC<\/span><\/li>\n<li class=\"tech-specs-items-description-list\"><span class=\"tech-specs-items-description__title\">Audio Bit Rate<\/span><span class=\"tech-specs-items-description__title-details\">64 Kbps (G.711ulaw\/G.711alaw)\/16 Kbps (G.722.1)\/16 Kbps (G.726)\/32 to 192 Kbps (MP2L2)\/8 to 320 Kbps (MP3)\/16 to 64 Kbps (AAC-LC)<\/span><\/li>\n<li class=\"tech-specs-items-description-list\"><span class=\"tech-specs-items-description__title\">Audio Sampling Rate<\/span><span class=\"tech-specs-items-description__title-details\">8 kHz\/16 kHz\/32 kHz\/44.1 kHz\/48 kHz<\/span><\/li>\n<li class=\"tech-specs-items-description-list\"><span class=\"tech-specs-items-description__title\">Environment Noise Filtering<\/span><span class=\"tech-specs-items-description__title-details\">Yes<\/span><\/li>\n<\/ul>\n<ul class=\"tech-specs-items-description\" data-target=\"Network\">\n<li class=\"tech-specs-items-description-list\"><span class=\"tech-specs-items-description__title--heading\">Network<\/span><\/li>\n<li class=\"tech-specs-items-description-list\"><span class=\"tech-specs-items-description__title\">Protocols<\/span><span class=\"tech-specs-items-description__title-details\">TCP\/IP, ICMP, HTTP, HTTPS, FTP, DHCP, DNS, DDNS, RTP, RTSP, RTCP, NTP, UPnP, SMTP, IGMP, 802.1X, QoS, IPv4, IPv6, UDP, Bonjour, SSL\/TLS, PPPoE, SNMP, WebSocket, WebSockets, SRTP, SFTP<\/span><\/li>\n<li class=\"tech-specs-items-description-list\"><span class=\"tech-specs-items-description__title\">Simultaneous Live View<\/span><span class=\"tech-specs-items-description__title-details\">Up to 6 channels<\/span><\/li>\n<li class=\"tech-specs-items-description-list\"><span class=\"tech-specs-items-description__title\">API<\/span><span class=\"tech-specs-items-description__title-details\">Open Network Video Interface (Profile S, Profile G, Profile T),ISAPI,SDK,ISUP<\/span><\/li>\n<li class=\"tech-specs-items-description-list\"><span class=\"tech-specs-items-description__title\">User\/Host<\/span>\n<p class=\"mb-p\">Up to 32 users<\/p>\n<p class=\"mb-p\">3 user levels: administrator, operator, and user<\/p>\n<\/li>\n<li class=\"tech-specs-items-description-list\"><span class=\"tech-specs-items-description__title\">Security<\/span><span class=\"tech-specs-items-description__title-details\">Password protection, complicated password, HTTPS encryption, 802.1X authentication (EAP-TLS, EAP-LEAP, EAP-MD5), watermark, IP address filter, basic and digest authentication for HTTP\/HTTPS, WSSE and digest authentication for Open Network Video Interface, RTP\/RTSP over HTTPS, control timeout settings, security audit log, TLS 1.2, TLS 1.3, host authentication (MAC address)<\/span><\/li>\n<li class=\"tech-specs-items-description-list\"><span class=\"tech-specs-items-description__title\">Network Storage<\/span><span class=\"tech-specs-items-description__title-details\">NAS (NFS, SMB\/CIFS),Auto Network Replenishment (ANR)<\/span><\/li>\n<li class=\"tech-specs-items-description-list\"><span class=\"tech-specs-items-description__title\">Client<\/span><span class=\"tech-specs-items-description__title-details\">iVMS-4200,Hik-Connect<\/span><\/li>\n<li class=\"tech-specs-items-description-list\"><span class=\"tech-specs-items-description__title\">Web Browser<\/span>\n<p class=\"mb-p\">Plug-in required live view: IE 10, IE 11,<\/p>\n<p class=\"mb-p\">Plug-in free live view: Chrome 57.0+, Firefox 52.0+, Edge 89+,<\/p>\n<p class=\"mb-p\">Local service: Chrome 57.0+, Firefox 52.0+, Edge 89+<\/p>\n<\/li>\n<\/ul>\n<ul class=\"tech-specs-items-description\" data-target=\"Image\">\n<li class=\"tech-specs-items-description-list\"><span class=\"tech-specs-items-description__title--heading\">Image<\/span><\/li>\n<li class=\"tech-specs-items-description-list\"><span class=\"tech-specs-items-description__title\">Image Parameters Switch<\/span><span class=\"tech-specs-items-description__title-details\">Yes<\/span><\/li>\n<li class=\"tech-specs-items-description-list\"><span class=\"tech-specs-items-description__title\">Image Settings<\/span><span class=\"tech-specs-items-description__title-details\">Rotate mode,saturation,brightness,contrast,sharpness,gain,white balance,adjustable by client software or web browser<\/span><\/li>\n<li class=\"tech-specs-items-description-list\"><span class=\"tech-specs-items-description__title\">Day\/Night Switch<\/span><span class=\"tech-specs-items-description__title-details\">Day,Night,Auto,Schedule<\/span><\/li>\n<li class=\"tech-specs-items-description-list\"><span class=\"tech-specs-items-description__title\">Wide Dynamic Range (WDR)<\/span><span class=\"tech-specs-items-description__title-details\">130 dB<\/span><\/li>\n<li class=\"tech-specs-items-description-list\"><span class=\"tech-specs-items-description__title\">SNR<\/span><span class=\"tech-specs-items-description__title-details\">\u2265 52 dB<\/span><\/li>\n<li class=\"tech-specs-items-description-list\"><span class=\"tech-specs-items-description__title\">Image Enhancement<\/span><span class=\"tech-specs-items-description__title-details\">BLC,HLC,3D DNR,Defog<\/span><\/li>\n<li class=\"tech-specs-items-description-list\"><span class=\"tech-specs-items-description__title\">Privacy Mask<\/span><span class=\"tech-specs-items-description__title-details\">4 programmable polygon privacy masks<\/span><\/li>\n<\/ul>\n<ul class=\"tech-specs-items-description\" data-target=\"Interface\">\n<li class=\"tech-specs-items-description-list\"><span class=\"tech-specs-items-description__title--heading\">Interface<\/span><\/li>\n<li class=\"tech-specs-items-description-list\"><span class=\"tech-specs-items-description__title\">Ethernet Interface<\/span><span class=\"tech-specs-items-description__title-details\">1 RJ45 10 M\/100 M self-adaptive Ethernet port<\/span><\/li>\n<li class=\"tech-specs-items-description-list\"><span class=\"tech-specs-items-description__title\">On-Board Storage<\/span><span class=\"tech-specs-items-description__title-details\">Built-in memory card slot, support microSD\/microSDHC\/microSDXC card, up to 512 GB<\/span><\/li>\n<li class=\"tech-specs-items-description-list\"><span class=\"tech-specs-items-description__title\">Built-in Microphone<\/span><span class=\"tech-specs-items-description__title-details\">Yes,1 built-in microphone<\/span><\/li>\n<li class=\"tech-specs-items-description-list\"><span class=\"tech-specs-items-description__title\">Built-in Speaker<\/span><span class=\"tech-specs-items-description__title-details\">Max. power consumption: 1.2 W, max. sound pressure level: 10 cm: 95 dB.<\/span><\/li>\n<li class=\"tech-specs-items-description-list\"><span class=\"tech-specs-items-description__title\">Reset Key<\/span><span class=\"tech-specs-items-description__title-details\">Yes<\/span><\/li>\n<\/ul>\n<ul class=\"tech-specs-items-description\" data-target=\"Event\">\n<li class=\"tech-specs-items-description-list\"><span class=\"tech-specs-items-description__title--heading\">Event<\/span><\/li>\n<li class=\"tech-specs-items-description-list\"><span class=\"tech-specs-items-description__title\">Basic Event<\/span><span class=\"tech-specs-items-description__title-details\">Motion detection (support alarm triggering by specified target types (human and vehicle)),video tampering alarm,exception<\/span><\/li>\n<li class=\"tech-specs-items-description-list\"><span class=\"tech-specs-items-description__title\">Smart Event<\/span>\n<p class=\"mb-p\">Scene change detection<\/p>\n<\/li>\n<li class=\"tech-specs-items-description-list\"><span class=\"tech-specs-items-description__title\">Linkage<\/span><span class=\"tech-specs-items-description__title-details\">Upload to FTP\/NAS\/memory card,notify surveillance center,send email,trigger alarm output,trigger recording,trigger capture,audible warning,strobe light<\/span><\/li>\n<\/ul>\n<ul class=\"tech-specs-items-description\" data-target=\"Deep Learning Function\">\n<li class=\"tech-specs-items-description-list\"><span class=\"tech-specs-items-description__title--heading\">Deep Learning Function<\/span><\/li>\n<li class=\"tech-specs-items-description-list\"><span class=\"tech-specs-items-description__title\">Face Capture<\/span><span class=\"tech-specs-items-description__title-details\">Yes<\/span><\/li>\n<li class=\"tech-specs-items-description-list\"><span class=\"tech-specs-items-description__title\">Perimeter Protection<\/span>\n<p class=\"mb-p\">Line crossing, intrusion, region entrance, region exiting<\/p>\n<p class=\"mb-p\">Support alarm triggering by specified target types (human and vehicle)<\/p>\n<\/li>\n<\/ul>\n<ul class=\"tech-specs-items-description\" data-target=\"General\">\n<li class=\"tech-specs-items-description-list\"><span class=\"tech-specs-items-description__title--heading\">General<\/span><\/li>\n<li class=\"tech-specs-items-description-list\"><span class=\"tech-specs-items-description__title\">Package Dimension<\/span><span class=\"tech-specs-items-description__title-details\">234 mm \u00d7 120 mm \u00d7 117 mm (9.2&#8243; \u00d7 4.7&#8243; \u00d7 4.6&#8243;)<\/span><\/li>\n<li class=\"tech-specs-items-description-list\"><span class=\"tech-specs-items-description__title\">Material<\/span><span class=\"tech-specs-items-description__title-details\">Metal<\/span><\/li>\n<li class=\"tech-specs-items-description-list\"><span class=\"tech-specs-items-description__title\">Dimension<\/span><span class=\"tech-specs-items-description__title-details\">\u00d874.4 mm \u00d7 179.2 mm (\u00d82.9&#8243; \u00d7 7.1&#8243;)<\/span><\/li>\n<li class=\"tech-specs-items-description-list\"><span class=\"tech-specs-items-description__title\">Power<\/span>\n<p class=\"mb-p\">12 VDC \u00b1 25%, 0.7 A, max. 8.5 W,\u00d85.5 mm coaxial power plug,reverse polarity protection,<\/p>\n<p class=\"mb-p\">PoE: IEEE 802.3af, Class 3, max. 10 W<\/p>\n<\/li>\n<li class=\"tech-specs-items-description-list\"><span class=\"tech-specs-items-description__title\">Weight<\/span><span class=\"tech-specs-items-description__title-details\">Approx. 510 g (1.1 lb.)<\/span><\/li>\n<li class=\"tech-specs-items-description-list\"><span class=\"tech-specs-items-description__title\">With Package Weight<\/span><span class=\"tech-specs-items-description__title-details\">Approx. 880 g (1.9 lb.)<\/span><\/li>\n<li class=\"tech-specs-items-description-list\"><span class=\"tech-specs-items-description__title\">Storage Conditions<\/span><span class=\"tech-specs-items-description__title-details\">-30 \u00b0C to 60 \u00b0C (-22 \u00b0F to 140 \u00b0F). Humidity 95% or less (non-condensing)<\/span><\/li>\n<li class=\"tech-specs-items-description-list\"><span class=\"tech-specs-items-description__title\">Startup and Operating Conditions<\/span><span class=\"tech-specs-items-description__title-details\">-30 \u00b0C to 60 \u00b0C (-22 \u00b0F to 140 \u00b0F). Humidity 95% or less (non-condensing)<\/span><\/li>\n<li class=\"tech-specs-items-description-list\"><span class=\"tech-specs-items-description__title\">Language<\/span><span class=\"tech-specs-items-description__title-details\">33 languages: English, Russian, Estonian, Bulgarian, Hungarian, Greek, German, Italian, Czech, Slovak, French, Polish, Dutch, Portuguese, Spanish, Romanian, Danish, Swedish, Norwegian, Finnish, Croatian, Slovenian, Serbian, Turkish, Korean, Traditional Chinese, Thai, Vietnamese, Japanese, Latvian, Lithuanian, Portuguese (Brazil), Ukrainian<\/span><\/li>\n<li class=\"tech-specs-items-description-list\"><span class=\"tech-specs-items-description__title\">General Function<\/span><span class=\"tech-specs-items-description__title-details\">Heartbeat,mirror,flash log,password reset via email,pixel counter,anti-banding<\/span><\/li>\n<\/ul>\n<ul class=\"tech-specs-items-description\" data-target=\"Approval\">\n<li class=\"tech-specs-items-description-list\"><span class=\"tech-specs-items-description__title--heading\">Approval<\/span><\/li>\n<li class=\"tech-specs-items-description-list\"><span class=\"tech-specs-items-description__title\">EMC<\/span>\n<p class=\"mb-p\">CE-EMC: EN 55032:2015+A1:2020, EN 50130-4:2011+A1:2014, EN IEC 61000-3-2:2019+A1:2021, EN 61000-3-3:2013+A1:2019+A2:2021,<\/p>\n<p class=\"mb-p\">RCM: AS\/NZS CISPR 32: 2015,<\/p>\n<p class=\"mb-p\">IC: ICES-003: Issue 7,<\/p>\n<p class=\"mb-p\">KC: KN32: 2015, KN35: 2015<\/p>\n<\/li>\n<li class=\"tech-specs-items-description-list\"><span class=\"tech-specs-items-description__title\">Safety<\/span>\n<p class=\"mb-p\">UL: UL 62368-1,<\/p>\n<p class=\"mb-p\">CB: IEC 62368-1: 2014+A11,<\/p>\n<p class=\"mb-p\">CE-LVD: EN 62368-1: 2014\/A11: 2017<\/p>\n<\/li>\n<li class=\"tech-specs-items-description-list\"><span class=\"tech-specs-items-description__title\">Environment<\/span><span class=\"tech-specs-items-description__title-details\">CE-RoHS: 2011\/65\/EU<\/span><\/li>\n<li class=\"tech-specs-items-description-list\"><span class=\"tech-specs-items-description__title\">Protection<\/span><span class=\"tech-specs-items-description__title-details\">IP67: IEC 60529-2013<\/span><\/li>\n<\/ul>\n","protected":false},"excerpt":{"rendered":"<h2 class=\"prod_name\"><span class=\"prod_name-content\">8 MP Smart Hybrid Light with ColorVu Fixed Mini Bullet Network Camera<\/span><\/h2>\n<div class=\"product_description-content\">\n<ul class=\"product_description_item-list\">\n<li class=\"product_description_item\">High quality imaging with 8 MP resolution<\/li>\n<li class=\"product_description_item\">Smart Hybrid Light: advanced technology with long range<\/li>\n<li class=\"product_description_item\">Clear imaging against strong back light due to 130 dB WDR technology<\/li>\n<li class=\"product_description_item\">Efficient H.265+ compression technology<\/li>\n<li class=\"product_description_item\">Focus on human and vehicle classification based on deep learning<\/li>\n<li class=\"product_description_item\">Active strobe light and audio alarm to warn intruders off<\/li>\n<li class=\"product_description_item\">Provide real-time security via built-in two-way audio<\/li>\n<li class=\"product_description_item\">Support on-board storage up to 512 GB (SD card slot)<\/li>\n<li class=\"product_description_item\">Water and dust resistant (IP67)<\/li>\n<\/ul>\n<\/div>\n","protected":false},"featured_media":4553,"comment_status":"open","ping_status":"closed","template":"","meta":[],"product_brand":[144],"product_cat":[143],"product_tag":[],"class_list":{"0":"post-4552","1":"product","2":"type-product","3":"status-publish","4":"has-post-thumbnail","6":"product_brand-hikvision","7":"product_cat-camera","9":"first","10":"instock","11":"taxable","12":"shipping-taxable","13":"purchasable","14":"product-type-variable","15":"has-default-attributes"},"jetpack_sharing_enabled":true,"_links":{"self":[{"href":"https:\/\/lentug.com\/index.php?rest_route=\/wp\/v2\/product\/4552","targetHints":{"allow":["GET"]}}],"collection":[{"href":"https:\/\/lentug.com\/index.php?rest_route=\/wp\/v2\/product"}],"about":[{"href":"https:\/\/lentug.com\/index.php?rest_route=\/wp\/v2\/types\/product"}],"replies":[{"embeddable":true,"href":"https:\/\/lentug.com\/index.php?rest_route=%2Fwp%2Fv2%2Fcomments&post=4552"}],"wp:featuredmedia":[{"embeddable":true,"href":"https:\/\/lentug.com\/index.php?rest_route=\/wp\/v2\/media\/4553"}],"wp:attachment":[{"href":"https:\/\/lentug.com\/index.php?rest_route=%2Fwp%2Fv2%2Fmedia&parent=4552"}],"wp:term":[{"taxonomy":"product_brand","embeddable":true,"href":"https:\/\/lentug.com\/index.php?rest_route=%2Fwp%2Fv2%2Fproduct_brand&post=4552"},{"taxonomy":"product_cat","embeddable":true,"href":"https:\/\/lentug.com\/index.php?rest_route=%2Fwp%2Fv2%2Fproduct_cat&post=4552"},{"taxonomy":"product_tag","embeddable":true,"href":"https:\/\/lentug.com\/index.php?rest_route=%2Fwp%2Fv2%2Fproduct_tag&post=4552"}],"curies":[{"name":"wp","href":"https:\/\/api.w.org\/{rel}","templated":true}]}}