{"id":4897,"date":"2025-04-18T00:09:51","date_gmt":"2025-04-18T04:09:51","guid":{"rendered":"https:\/\/lentug.com\/?post_type=product&#038;p=4897"},"modified":"2025-10-04T03:18:28","modified_gmt":"2025-10-04T07:18:28","slug":"ds-1473zj-155","status":"publish","type":"product","link":"https:\/\/lentug.com\/?product=ds-1473zj-155","title":{"rendered":"DS-1473ZJ-155"},"content":{"rendered":"<ul class=\"product_description_item-list\">\n<li class=\"product_description_item\">Wall Mount<\/li>\n<li class=\"product_description_item\">Aluminum alloy<\/li>\n<li class=\"product_description_item\">Hikvision White<\/li>\n<li class=\"a-spacing-mini\"><span class=\"a-list-item\">\u00d8 155 mm \u00d7 183.5 mm \u00d7 240 mm (6.1&#8243; \u00d7 7.22&#8243; \u00d7 9.45&#8243;)<\/span><\/li>\n<li class=\"a-spacing-mini\"><span class=\"a-list-item\">760 g (1.68 lb.)<\/span><\/li>\n<li><span class=\"a-list-item\">Compatible with HIK-VISION Dome &amp; Turret PoE IP cameras, <\/span><span class=\"a-list-item\">DS-2CD2743G2-IZS,DS-2CD2786G2-IZS, DS-2CD2746G2-IZS, DS-2CD2783G2-IZS, DS-2CD3786G2-IZS, DS-2CD3746G2-IZS, DS-2CD2745FWD-IZS, DS-2CD2785G0-IZS, DS-2CD2743G1-IZS, DS-2CD3387G2P-LSU\/SL, DS-2CD3786G2T-IZS, DS-2CD2787G2T-LZS, DS-2CD2746G2T-IZS, DS-2CD2747G2T-LZS, DS-2CD2747G2-LZS.<\/span><\/li>\n<\/ul>\n","protected":false},"excerpt":{"rendered":"<p>Wall Mount Aluminum alloy Hikvision White \u00d8 155 mm \u00d7 183.5 mm \u00d7 240 mm (6.1&#8243; \u00d7 7.22&#8243; \u00d7 9.45&#8243;) 760 g (1.68 lb.) Compatible with HIK-VISION Dome &amp; Turret PoE IP cameras, DS-2CD2743G2-IZS,DS-2CD2786G2-IZS, DS-2CD2746G2-IZS, DS-2CD2783G2-IZS, DS-2CD3786G2-IZS, DS-2CD3746G2-IZS, DS-2CD2745FWD-IZS, DS-2CD2785G0-IZS, DS-2CD2743G1-IZS, DS-2CD3387G2P-LSU\/SL, DS-2CD3786G2T-IZS, DS-2CD2787G2T-LZS, DS-2CD2746G2T-IZS, DS-2CD2747G2T-LZS, DS-2CD2747G2-LZS.<\/p>\n","protected":false},"featured_media":4898,"comment_status":"open","ping_status":"closed","template":"","meta":[],"product_brand":[144],"product_cat":[147],"product_tag":[157,158],"class_list":{"0":"post-4897","1":"product","2":"type-product","3":"status-publish","4":"has-post-thumbnail","6":"product_brand-hikvision","7":"product_cat-accessories","8":"product_tag-ds-1473zj-155","9":"product_tag-wall-mount-bracket","11":"first","12":"instock","13":"taxable","14":"shipping-taxable","15":"purchasable","16":"product-type-simple"},"jetpack_sharing_enabled":true,"_links":{"self":[{"href":"https:\/\/lentug.com\/index.php?rest_route=\/wp\/v2\/product\/4897","targetHints":{"allow":["GET"]}}],"collection":[{"href":"https:\/\/lentug.com\/index.php?rest_route=\/wp\/v2\/product"}],"about":[{"href":"https:\/\/lentug.com\/index.php?rest_route=\/wp\/v2\/types\/product"}],"replies":[{"embeddable":true,"href":"https:\/\/lentug.com\/index.php?rest_route=%2Fwp%2Fv2%2Fcomments&post=4897"}],"wp:featuredmedia":[{"embeddable":true,"href":"https:\/\/lentug.com\/index.php?rest_route=\/wp\/v2\/media\/4898"}],"wp:attachment":[{"href":"https:\/\/lentug.com\/index.php?rest_route=%2Fwp%2Fv2%2Fmedia&parent=4897"}],"wp:term":[{"taxonomy":"product_brand","embeddable":true,"href":"https:\/\/lentug.com\/index.php?rest_route=%2Fwp%2Fv2%2Fproduct_brand&post=4897"},{"taxonomy":"product_cat","embeddable":true,"href":"https:\/\/lentug.com\/index.php?rest_route=%2Fwp%2Fv2%2Fproduct_cat&post=4897"},{"taxonomy":"product_tag","embeddable":true,"href":"https:\/\/lentug.com\/index.php?rest_route=%2Fwp%2Fv2%2Fproduct_tag&post=4897"}],"curies":[{"name":"wp","href":"https:\/\/api.w.org\/{rel}","templated":true}]}}